{"id":215,"date":"2024-04-26T00:20:25","date_gmt":"2024-04-26T00:20:25","guid":{"rendered":"https:\/\/fornosinti.com.br\/site\/?page_id=215"},"modified":"2024-04-26T02:28:39","modified_gmt":"2024-04-26T02:28:39","slug":"forno-sob-medida","status":"publish","type":"page","link":"https:\/\/fornosinti.com.br\/site\/forno-sob-medida\/","title":{"rendered":"Forno Sob Medida"},"content":{"rendered":"\t\t<div data-elementor-type=\"wp-page\" data-elementor-id=\"215\" class=\"elementor elementor-215\" data-elementor-post-type=\"page\">\n\t\t\t\t<div class=\"elementor-element elementor-element-21c3d71 e-flex e-con-boxed e-con e-parent\" data-id=\"21c3d71\" data-element_type=\"container\">\n\t\t\t\t\t<div class=\"e-con-inner\">\n\t\t\t\t<div class=\"elementor-element elementor-element-71a9dae elementor-widget elementor-widget-text-editor\" data-id=\"71a9dae\" data-element_type=\"widget\" data-widget_type=\"text-editor.default\">\n\t\t\t\t<div class=\"elementor-widget-container\">\n\t\t\t\t\t\t\t\t\t<p><\/p><p>Est\u00e1 em busca de um forno sob medida? Simplificamos o processo. Preencha nosso formul\u00e1rio e ajude-nos a entender o que voc\u00ea deseja em seu forno.<\/p><p>Nossa equipe est\u00e1 pronta para transformar suas especifica\u00e7\u00f5es em um or\u00e7amento detalhado e preciso.<\/p><p><\/p>\t\t\t\t\t\t\t\t<\/div>\n\t\t\t\t<\/div>\n\t\t<div class=\"elementor-element elementor-element-3311d0f e-con-full e-flex e-con e-child\" data-id=\"3311d0f\" data-element_type=\"container\" data-settings=\"{&quot;background_background&quot;:&quot;classic&quot;}\">\n\t\t\t\t<div class=\"elementor-element elementor-element-ddbfcd5 elementor-widget elementor-widget-heading\" data-id=\"ddbfcd5\" data-element_type=\"widget\" data-widget_type=\"heading.default\">\n\t\t\t\t<div class=\"elementor-widget-container\">\n\t\t\t\t\t<h2 class=\"elementor-heading-title elementor-size-default\">Se precisa de atendimento personalizado, entre em contato conosco<\/h2>\t\t\t\t<\/div>\n\t\t\t\t<\/div>\n\t\t<div class=\"elementor-element elementor-element-4b57d2c e-flex e-con-boxed e-con e-child\" data-id=\"4b57d2c\" data-element_type=\"container\">\n\t\t\t\t\t<div class=\"e-con-inner\">\n\t\t\t\t<div class=\"elementor-element elementor-element-a01b109 elementor-align-justify elementor-mobile-align-justify elementor-widget__width-auto elementor-widget elementor-widget-button\" data-id=\"a01b109\" data-element_type=\"widget\" data-widget_type=\"button.default\">\n\t\t\t\t<div class=\"elementor-widget-container\">\n\t\t\t\t\t\t\t\t\t<div class=\"elementor-button-wrapper\">\n\t\t\t\t\t<a class=\"elementor-button elementor-button-link elementor-size-lg\" href=\"https:\/\/api.whatsapp.com\/send?phone=5516997752071&#038;text=Ol\u00e1!%20Estou%20em%20seu%20site%20e%20gostaria%20de%20informa\u00e7\u00f5es%20sobre%20fornos%20sob%20medida.\">\n\t\t\t\t\t\t<span class=\"elementor-button-content-wrapper\">\n\t\t\t\t\t\t<span class=\"elementor-button-icon\">\n\t\t\t\t<svg aria-hidden=\"true\" class=\"e-font-icon-svg e-fab-whatsapp\" viewBox=\"0 0 448 512\" xmlns=\"http:\/\/www.w3.org\/2000\/svg\"><path d=\"M380.9 97.1C339 55.1 283.2 32 223.9 32c-122.4 0-222 99.6-222 222 0 39.1 10.2 77.3 29.6 111L0 480l117.7-30.9c32.4 17.7 68.9 27 106.1 27h.1c122.3 0 224.1-99.6 224.1-222 0-59.3-25.2-115-67.1-157zm-157 341.6c-33.2 0-65.7-8.9-94-25.7l-6.7-4-69.8 18.3L72 359.2l-4.4-7c-18.5-29.4-28.2-63.3-28.2-98.2 0-101.7 82.8-184.5 184.6-184.5 49.3 0 95.6 19.2 130.4 54.1 34.8 34.9 56.2 81.2 56.1 130.5 0 101.8-84.9 184.6-186.6 184.6zm101.2-138.2c-5.5-2.8-32.8-16.2-37.9-18-5.1-1.9-8.8-2.8-12.5 2.8-3.7 5.6-14.3 18-17.6 21.8-3.2 3.7-6.5 4.2-12 1.4-32.6-16.3-54-29.1-75.5-66-5.7-9.8 5.7-9.1 16.3-30.3 1.8-3.7.9-6.9-.5-9.7-1.4-2.8-12.5-30.1-17.1-41.2-4.5-10.8-9.1-9.3-12.5-9.5-3.2-.2-6.9-.2-10.6-.2-3.7 0-9.7 1.4-14.8 6.9-5.1 5.6-19.4 19-19.4 46.3 0 27.3 19.9 53.7 22.6 57.4 2.8 3.7 39.1 59.7 94.8 83.8 35.2 15.2 49 16.5 66.6 13.9 10.7-1.6 32.8-13.4 37.4-26.4 4.6-13 4.6-24.1 3.2-26.4-1.3-2.5-5-3.9-10.5-6.6z\"><\/path><\/svg>\t\t\t<\/span>\n\t\t\t\t\t\t\t\t\t<span class=\"elementor-button-text\">WhatsApp<\/span>\n\t\t\t\t\t<\/span>\n\t\t\t\t\t<\/a>\n\t\t\t\t<\/div>\n\t\t\t\t\t\t\t\t<\/div>\n\t\t\t\t<\/div>\n\t\t\t\t<div class=\"elementor-element elementor-element-1a888fd elementor-align-justify elementor-mobile-align-justify elementor-widget elementor-widget-button\" data-id=\"1a888fd\" data-element_type=\"widget\" data-widget_type=\"button.default\">\n\t\t\t\t<div class=\"elementor-widget-container\">\n\t\t\t\t\t\t\t\t\t<div class=\"elementor-button-wrapper\">\n\t\t\t\t\t<a class=\"elementor-button elementor-button-link elementor-size-lg\" href=\"#elementor-action%3Aaction%3Dpopup%3Aopen%26settings%3DeyJpZCI6IjI1MCIsInRvZ2dsZSI6ZmFsc2V9\">\n\t\t\t\t\t\t<span class=\"elementor-button-content-wrapper\">\n\t\t\t\t\t\t\t\t\t<span class=\"elementor-button-text\">Todos os contatos<\/span>\n\t\t\t\t\t<\/span>\n\t\t\t\t\t<\/a>\n\t\t\t\t<\/div>\n\t\t\t\t\t\t\t\t<\/div>\n\t\t\t\t<\/div>\n\t\t\t\t\t<\/div>\n\t\t\t\t<\/div>\n\t\t\t\t<\/div>\n\t\t\t\t<div class=\"elementor-element elementor-element-5ef6ee0 elementor-widget elementor-widget-heading\" data-id=\"5ef6ee0\" data-element_type=\"widget\" data-widget_type=\"heading.default\">\n\t\t\t\t<div class=\"elementor-widget-container\">\n\t\t\t\t\t<div class=\"elementor-heading-title elementor-size-default\">(campos marcados com o <span style=\"color: var( --e-global-color-primary )\">*<\/span> s\u00e3o de preenchimento obrigat\u00f3rio)<\/div>\t\t\t\t<\/div>\n\t\t\t\t<\/div>\n\t\t\t\t<div class=\"elementor-element elementor-element-1e92d65 elementor-button-align-stretch elementor-widget elementor-widget-form\" data-id=\"1e92d65\" data-element_type=\"widget\" data-settings=\"{&quot;step_next_label&quot;:&quot;Pr\\u00f3ximo&quot;,&quot;step_previous_label&quot;:&quot;Anterior&quot;,&quot;button_width&quot;:&quot;100&quot;,&quot;step_type&quot;:&quot;number_text&quot;,&quot;step_icon_shape&quot;:&quot;circle&quot;}\" data-widget_type=\"form.default\">\n\t\t\t\t<div class=\"elementor-widget-container\">\n\t\t\t\t\t\t\t<form class=\"elementor-form\" method=\"post\" name=\"Fornos Sob Medida\" aria-label=\"Fornos Sob Medida\">\n\t\t\t<input type=\"hidden\" name=\"post_id\" value=\"215\"\/>\n\t\t\t<input type=\"hidden\" name=\"form_id\" value=\"1e92d65\"\/>\n\t\t\t<input type=\"hidden\" name=\"referer_title\" value=\"Forno Sob Medida\" \/>\n\n\t\t\t\t\t\t\t<input type=\"hidden\" name=\"queried_id\" value=\"215\"\/>\n\t\t\t\n\t\t\t<div class=\"elementor-form-fields-wrapper elementor-labels-above\">\n\t\t\t\t\t\t\t\t<div class=\"elementor-field-type-text elementor-field-group elementor-column elementor-field-group-name elementor-col-100 elementor-field-required elementor-mark-required\">\n\t\t\t\t\t\t\t\t\t\t\t\t<label for=\"form-field-name\" class=\"elementor-field-label\">\n\t\t\t\t\t\t\t\tNome\t\t\t\t\t\t\t<\/label>\n\t\t\t\t\t\t\t\t\t\t\t\t\t\t<input size=\"1\" type=\"text\" name=\"form_fields[name]\" id=\"form-field-name\" class=\"elementor-field elementor-size-sm  elementor-field-textual\" required=\"required\">\n\t\t\t\t\t\t\t\t\t\t\t<\/div>\n\t\t\t\t\t\t\t\t<div class=\"elementor-field-type-text elementor-field-group elementor-column elementor-field-group-instituicao elementor-col-100 elementor-field-required elementor-mark-required\">\n\t\t\t\t\t\t\t\t\t\t\t\t<label for=\"form-field-instituicao\" class=\"elementor-field-label\">\n\t\t\t\t\t\t\t\tInstitui\u00e7\u00e3o\t\t\t\t\t\t\t<\/label>\n\t\t\t\t\t\t\t\t\t\t\t\t\t\t<input size=\"1\" type=\"text\" name=\"form_fields[instituicao]\" id=\"form-field-instituicao\" class=\"elementor-field elementor-size-sm  elementor-field-textual\" required=\"required\">\n\t\t\t\t\t\t\t\t\t\t\t<\/div>\n\t\t\t\t\t\t\t\t<div class=\"elementor-field-type-text elementor-field-group elementor-column elementor-field-group-endereco elementor-col-100\">\n\t\t\t\t\t\t\t\t\t\t\t\t<label for=\"form-field-endereco\" class=\"elementor-field-label\">\n\t\t\t\t\t\t\t\tEndere\u00e7o Completo\t\t\t\t\t\t\t<\/label>\n\t\t\t\t\t\t\t\t\t\t\t\t\t\t<input size=\"1\" type=\"text\" name=\"form_fields[endereco]\" id=\"form-field-endereco\" class=\"elementor-field elementor-size-sm  elementor-field-textual\">\n\t\t\t\t\t\t\t\t\t\t\t<\/div>\n\t\t\t\t\t\t\t\t<div class=\"elementor-field-type-text elementor-field-group elementor-column elementor-field-group-cidade elementor-col-50\">\n\t\t\t\t\t\t\t\t\t\t\t\t<label for=\"form-field-cidade\" class=\"elementor-field-label\">\n\t\t\t\t\t\t\t\tCidade\t\t\t\t\t\t\t<\/label>\n\t\t\t\t\t\t\t\t\t\t\t\t\t\t<input size=\"1\" type=\"text\" name=\"form_fields[cidade]\" id=\"form-field-cidade\" class=\"elementor-field elementor-size-sm  elementor-field-textual\">\n\t\t\t\t\t\t\t\t\t\t\t<\/div>\n\t\t\t\t\t\t\t\t<div class=\"elementor-field-type-select elementor-field-group elementor-column elementor-field-group-estado elementor-col-50\">\n\t\t\t\t\t\t\t\t\t\t\t\t<label for=\"form-field-estado\" class=\"elementor-field-label\">\n\t\t\t\t\t\t\t\tEstado\t\t\t\t\t\t\t<\/label>\n\t\t\t\t\t\t\t\t<div class=\"elementor-field elementor-select-wrapper remove-before \">\n\t\t\t<div class=\"select-caret-down-wrapper\">\n\t\t\t\t<svg aria-hidden=\"true\" class=\"e-font-icon-svg e-eicon-caret-down\" viewBox=\"0 0 571.4 571.4\" xmlns=\"http:\/\/www.w3.org\/2000\/svg\"><path d=\"M571 393Q571 407 561 418L311 668Q300 679 286 679T261 668L11 418Q0 407 0 393T11 368 36 357H536Q550 357 561 368T571 393Z\"><\/path><\/svg>\t\t\t<\/div>\n\t\t\t<select name=\"form_fields[estado]\" id=\"form-field-estado\" class=\"elementor-field-textual elementor-size-sm\">\n\t\t\t\t\t\t\t\t\t<option value=\"Acre (AC)\">Acre (AC)<\/option>\n\t\t\t\t\t\t\t\t\t<option value=\"Alagoas (AL)\">Alagoas (AL)<\/option>\n\t\t\t\t\t\t\t\t\t<option value=\"Amap\u00e1 (AP)\">Amap\u00e1 (AP)<\/option>\n\t\t\t\t\t\t\t\t\t<option value=\"Amazonas (AM)\">Amazonas (AM)<\/option>\n\t\t\t\t\t\t\t\t\t<option value=\"Bahia (BA)\">Bahia (BA)<\/option>\n\t\t\t\t\t\t\t\t\t<option value=\"Cear\u00e1 (CE)\">Cear\u00e1 (CE)<\/option>\n\t\t\t\t\t\t\t\t\t<option value=\"Distrito Federal (DF)\">Distrito Federal (DF)<\/option>\n\t\t\t\t\t\t\t\t\t<option value=\"Esp\u00edrito Santo (ES)\">Esp\u00edrito Santo (ES)<\/option>\n\t\t\t\t\t\t\t\t\t<option value=\"Goi\u00e1s (GO)\">Goi\u00e1s (GO)<\/option>\n\t\t\t\t\t\t\t\t\t<option value=\"Maranh\u00e3o (MA)\">Maranh\u00e3o (MA)<\/option>\n\t\t\t\t\t\t\t\t\t<option value=\"Mato Grosso (MT)\">Mato Grosso (MT)<\/option>\n\t\t\t\t\t\t\t\t\t<option value=\"Mato Grosso do Sul (MS)\">Mato Grosso do Sul (MS)<\/option>\n\t\t\t\t\t\t\t\t\t<option value=\"Minas Gerais (MG)\">Minas Gerais (MG)<\/option>\n\t\t\t\t\t\t\t\t\t<option value=\"Par\u00e1 (PA)\">Par\u00e1 (PA)<\/option>\n\t\t\t\t\t\t\t\t\t<option value=\"Para\u00edba (PB)\">Para\u00edba (PB)<\/option>\n\t\t\t\t\t\t\t\t\t<option value=\"Paran\u00e1 (PR)\">Paran\u00e1 (PR)<\/option>\n\t\t\t\t\t\t\t\t\t<option value=\"Pernambuco (PE)\">Pernambuco (PE)<\/option>\n\t\t\t\t\t\t\t\t\t<option value=\"Piau\u00ed (PI)\">Piau\u00ed (PI)<\/option>\n\t\t\t\t\t\t\t\t\t<option value=\"Rio de Janeiro (RJ)\">Rio de Janeiro (RJ)<\/option>\n\t\t\t\t\t\t\t\t\t<option value=\"Rio Grande do Norte (RN)\">Rio Grande do Norte (RN)<\/option>\n\t\t\t\t\t\t\t\t\t<option value=\"Rio Grande do Sul (RS)\">Rio Grande do Sul (RS)<\/option>\n\t\t\t\t\t\t\t\t\t<option value=\"Rond\u00f4nia (RO)\">Rond\u00f4nia (RO)<\/option>\n\t\t\t\t\t\t\t\t\t<option value=\"Roraima (RR)\">Roraima (RR)<\/option>\n\t\t\t\t\t\t\t\t\t<option value=\"Santa Catarina (SC)\">Santa Catarina (SC)<\/option>\n\t\t\t\t\t\t\t\t\t<option value=\"S\u00e3o Paulo (SP)\">S\u00e3o Paulo (SP)<\/option>\n\t\t\t\t\t\t\t\t\t<option value=\"Sergipe (SE)\">Sergipe (SE)<\/option>\n\t\t\t\t\t\t\t\t\t<option value=\"Tocantins (TO)\">Tocantins (TO)<\/option>\n\t\t\t\t\t\t\t<\/select>\n\t\t<\/div>\n\t\t\t\t\t\t<\/div>\n\t\t\t\t\t\t\t\t<div class=\"elementor-field-type-text elementor-field-group elementor-column elementor-field-group-cpf_cnpj elementor-col-33\">\n\t\t\t\t\t\t\t\t\t\t\t\t<label for=\"form-field-cpf_cnpj\" class=\"elementor-field-label\">\n\t\t\t\t\t\t\t\tCPF \/ CNPJ\t\t\t\t\t\t\t<\/label>\n\t\t\t\t\t\t\t\t\t\t\t\t\t\t<input size=\"1\" type=\"text\" name=\"form_fields[cpf_cnpj]\" id=\"form-field-cpf_cnpj\" class=\"elementor-field elementor-size-sm  elementor-field-textual\">\n\t\t\t\t\t\t\t\t\t\t\t<\/div>\n\t\t\t\t\t\t\t\t<div class=\"elementor-field-type-email elementor-field-group elementor-column elementor-field-group-email elementor-col-33 elementor-field-required elementor-mark-required\">\n\t\t\t\t\t\t\t\t\t\t\t\t<label for=\"form-field-email\" class=\"elementor-field-label\">\n\t\t\t\t\t\t\t\tE-mail\t\t\t\t\t\t\t<\/label>\n\t\t\t\t\t\t\t\t\t\t\t\t\t\t<input size=\"1\" type=\"email\" name=\"form_fields[email]\" id=\"form-field-email\" class=\"elementor-field elementor-size-sm  elementor-field-textual\" required=\"required\">\n\t\t\t\t\t\t\t\t\t\t\t<\/div>\n\t\t\t\t\t\t\t\t<div class=\"elementor-field-type-tel elementor-field-group elementor-column elementor-field-group-telefone elementor-col-33 elementor-field-required elementor-mark-required\">\n\t\t\t\t\t\t\t\t\t\t\t\t<label for=\"form-field-telefone\" class=\"elementor-field-label\">\n\t\t\t\t\t\t\t\tTelefone\t\t\t\t\t\t\t<\/label>\n\t\t\t\t\t\t\t\t<input size=\"1\" type=\"tel\" name=\"form_fields[telefone]\" id=\"form-field-telefone\" class=\"elementor-field elementor-size-sm  elementor-field-textual\" required=\"required\" pattern=\"[0-9()#&amp;+*-=.]+\" title=\"Apenas n\u00fameros e caracteres de telefone (#, -, *, etc.) s\u00e3o aceitos.\">\n\n\t\t\t\t\t\t<\/div>\n\t\t\t\t\t\t\t\t<div class=\"elementor-field-type-select elementor-field-group elementor-column elementor-field-group-temperatura elementor-col-50\">\n\t\t\t\t\t\t\t\t\t\t\t\t<label for=\"form-field-temperatura\" class=\"elementor-field-label\">\n\t\t\t\t\t\t\t\tTemperatura de uso\t\t\t\t\t\t\t<\/label>\n\t\t\t\t\t\t\t\t<div class=\"elementor-field elementor-select-wrapper remove-before \">\n\t\t\t<div class=\"select-caret-down-wrapper\">\n\t\t\t\t<svg aria-hidden=\"true\" class=\"e-font-icon-svg e-eicon-caret-down\" viewBox=\"0 0 571.4 571.4\" xmlns=\"http:\/\/www.w3.org\/2000\/svg\"><path d=\"M571 393Q571 407 561 418L311 668Q300 679 286 679T261 668L11 418Q0 407 0 393T11 368 36 357H536Q550 357 561 368T571 393Z\"><\/path><\/svg>\t\t\t<\/div>\n\t\t\t<select name=\"form_fields[temperatura]\" id=\"form-field-temperatura\" class=\"elementor-field-textual elementor-size-sm\">\n\t\t\t\t\t\t\t\t\t<option value=\"\u2264 1320\u00b0C\">\u2264 1320\u00b0C<\/option>\n\t\t\t\t\t\t\t\t\t<option value=\"\u2265 1320\u00b0C\">\u2265 1320\u00b0C<\/option>\n\t\t\t\t\t\t\t<\/select>\n\t\t<\/div>\n\t\t\t\t\t\t<\/div>\n\t\t\t\t\t\t\t\t<div class=\"elementor-field-type-select elementor-field-group elementor-column elementor-field-group-tipo elementor-col-50\">\n\t\t\t\t\t\t\t\t\t\t\t\t<label for=\"form-field-tipo\" class=\"elementor-field-label\">\n\t\t\t\t\t\t\t\tTipo de Forno\t\t\t\t\t\t\t<\/label>\n\t\t\t\t\t\t\t\t<div class=\"elementor-field elementor-select-wrapper remove-before \">\n\t\t\t<div class=\"select-caret-down-wrapper\">\n\t\t\t\t<svg aria-hidden=\"true\" class=\"e-font-icon-svg e-eicon-caret-down\" viewBox=\"0 0 571.4 571.4\" xmlns=\"http:\/\/www.w3.org\/2000\/svg\"><path d=\"M571 393Q571 407 561 418L311 668Q300 679 286 679T261 668L11 418Q0 407 0 393T11 368 36 357H536Q550 357 561 368T571 393Z\"><\/path><\/svg>\t\t\t<\/div>\n\t\t\t<select name=\"form_fields[tipo]\" id=\"form-field-tipo\" class=\"elementor-field-textual elementor-size-sm\">\n\t\t\t\t\t\t\t\t\t<option value=\"Dental\">Dental<\/option>\n\t\t\t\t\t\t\t\t\t<option value=\"Estufa\">Estufa<\/option>\n\t\t\t\t\t\t\t\t\t<option value=\"Forno Especial para Cer\u00e2mica\">Forno Especial para Cer\u00e2mica<\/option>\n\t\t\t\t\t\t\t\t\t<option value=\"Forno Grafite\">Forno Grafite<\/option>\n\t\t\t\t\t\t\t\t\t<option value=\"Forno Mufla para Laborat\u00f3rio\">Forno Mufla para Laborat\u00f3rio<\/option>\n\t\t\t\t\t\t\t\t\t<option value=\"Forno para Teste\">Forno para Teste<\/option>\n\t\t\t\t\t\t\t\t\t<option value=\"Forno Tubular\">Forno Tubular<\/option>\n\t\t\t\t\t\t\t\t\t<option value=\"Forno Tubular Reator\">Forno Tubular Reator<\/option>\n\t\t\t\t\t\t\t\t\t<option value=\"Forno para Tratamento T\u00e9rmico\">Forno para Tratamento T\u00e9rmico<\/option>\n\t\t\t\t\t\t\t\t\t<option value=\"Forno Rotativo\">Forno Rotativo<\/option>\n\t\t\t\t\t\t\t\t\t<option value=\"Forno para Fundi\u00e7\u00e3o de Vidro\">Forno para Fundi\u00e7\u00e3o de Vidro<\/option>\n\t\t\t\t\t\t\t\t\t<option value=\"Forno Especial\">Forno Especial<\/option>\n\t\t\t\t\t\t\t\t\t<option value=\"Forno Mufla Industrial\">Forno Mufla Industrial<\/option>\n\t\t\t\t\t\t\t<\/select>\n\t\t<\/div>\n\t\t\t\t\t\t<\/div>\n\t\t\t\t\t\t\t\t<div class=\"elementor-field-type-textarea elementor-field-group elementor-column elementor-field-group-observacoes elementor-col-100 elementor-field-required elementor-mark-required\">\n\t\t\t\t\t\t\t\t\t\t\t\t<label for=\"form-field-observacoes\" class=\"elementor-field-label\">\n\t\t\t\t\t\t\t\tObserva\u00e7\u00f5es\t\t\t\t\t\t\t<\/label>\n\t\t\t\t\t\t<textarea class=\"elementor-field-textual elementor-field  elementor-size-sm\" name=\"form_fields[observacoes]\" id=\"form-field-observacoes\" rows=\"8\" required=\"required\"><\/textarea>\t\t\t\t<\/div>\n\t\t\t\t\t\t\t\t<div class=\"elementor-field-group elementor-column elementor-field-type-submit elementor-col-100 e-form__buttons\">\n\t\t\t\t\t<button class=\"elementor-button elementor-size-sm\" type=\"submit\">\n\t\t\t\t\t\t<span class=\"elementor-button-content-wrapper\">\n\t\t\t\t\t\t\t\t\t\t\t\t\t\t\t\t\t\t\t\t\t\t<span class=\"elementor-button-text\">Enviar<\/span>\n\t\t\t\t\t\t\t\t\t\t\t\t\t<\/span>\n\t\t\t\t\t<\/button>\n\t\t\t\t<\/div>\n\t\t\t<\/div>\n\t\t<\/form>\n\t\t\t\t\t\t<\/div>\n\t\t\t\t<\/div>\n\t\t\t\t\t<\/div>\n\t\t\t\t<\/div>\n\t\t\t\t<\/div>\n\t\t","protected":false},"excerpt":{"rendered":"<p>Est\u00e1 em busca de um forno sob medida? Simplificamos o processo. Preencha nosso formul\u00e1rio e ajude-nos a entender o que voc\u00ea deseja em seu forno. Nossa equipe est\u00e1 pronta para transformar suas especifica\u00e7\u00f5es em um or\u00e7amento detalhado e preciso. Se precisa de atendimento personalizado, entre em contato conosco WhatsApp Todos os contatos (campos marcados com [&hellip;]<\/p>\n","protected":false},"author":1,"featured_media":0,"parent":0,"menu_order":0,"comment_status":"closed","ping_status":"closed","template":"","meta":{"footnotes":""},"class_list":["post-215","page","type-page","status-publish","hentry"],"_links":{"self":[{"href":"https:\/\/fornosinti.com.br\/site\/wp-json\/wp\/v2\/pages\/215","targetHints":{"allow":["GET"]}}],"collection":[{"href":"https:\/\/fornosinti.com.br\/site\/wp-json\/wp\/v2\/pages"}],"about":[{"href":"https:\/\/fornosinti.com.br\/site\/wp-json\/wp\/v2\/types\/page"}],"author":[{"embeddable":true,"href":"https:\/\/fornosinti.com.br\/site\/wp-json\/wp\/v2\/users\/1"}],"replies":[{"embeddable":true,"href":"https:\/\/fornosinti.com.br\/site\/wp-json\/wp\/v2\/comments?post=215"}],"version-history":[{"count":36,"href":"https:\/\/fornosinti.com.br\/site\/wp-json\/wp\/v2\/pages\/215\/revisions"}],"predecessor-version":[{"id":275,"href":"https:\/\/fornosinti.com.br\/site\/wp-json\/wp\/v2\/pages\/215\/revisions\/275"}],"wp:attachment":[{"href":"https:\/\/fornosinti.com.br\/site\/wp-json\/wp\/v2\/media?parent=215"}],"curies":[{"name":"wp","href":"https:\/\/api.w.org\/{rel}","templated":true}]}}