{"id":48,"date":"2021-09-14T16:53:38","date_gmt":"2021-09-14T19:53:38","guid":{"rendered":"http:\/\/fornosinti.com.br\/inti\/?page_id=48"},"modified":"2021-09-15T11:14:44","modified_gmt":"2021-09-15T14:14:44","slug":"consulta-de-fornos-sob-medida","status":"publish","type":"page","link":"https:\/\/fornosinti.com.br\/inti\/consulta-de-fornos-sob-medida\/","title":{"rendered":"Consulta de Fornos Sob Medida"},"content":{"rendered":"<div id='av_section_1'  class='avia-section av-4lfd0-0f0a9ee7437f1d3d86a8f5894d22e433 main_color avia-section-default avia-no-border-styling  avia-builder-el-0  avia-builder-el-no-sibling  avia-bg-style-scroll  container_wrap sidebar_right'  ><div class='container av-section-cont-open' ><main  role=\"main\" itemprop=\"mainContentOfPage\"  class='template-page content  av-content-small alpha units'><div class='post-entry post-entry-type-page post-entry-48'><div class='entry-content-wrapper clearfix'>\n<div class='flex_column av-3nvvk-8cbc4574ec2414a7e34379e5670c6387 av_one_full  avia-builder-el-1  avia-builder-el-no-sibling  first flex_column_div '   ><form action=\"https:\/\/fornosinti.com.br\/inti\/consulta-de-fornos-sob-medida\/\" method=\"post\"  class=\"avia_ajax_form av-form-labels-visible   avia-builder-el-2  avia-builder-el-no-sibling   \" data-avia-form-id=\"1\" data-avia-redirect='' ><h3 class=''>Este \u00e9 seu canal de contato com a Fornos Inti.<\/h3><fieldset><p class='  first_form  form_element form_fullwidth' id='element_avia_1_1'><label for=\"avia_1_1\">Nome <abbr class=\"required\" title=\"required\">*<\/abbr><\/label> <input name=\"avia_1_1\" class=\"text_input is_empty\" type=\"text\" id=\"avia_1_1\" value=\"\" \/><\/p><p class='  first_form  form_element form_fullwidth' id='element_avia_2_1'><label for=\"avia_2_1\">Institui\u00e7\u00e3o<\/label> <input name=\"avia_2_1\" class=\"text_input \" type=\"text\" id=\"avia_2_1\" value=\"\" \/><\/p><p class='  first_form  form_element form_fullwidth' id='element_avia_3_1'><label for=\"avia_3_1\">CPF \/ CNPJ <\/label> <input name=\"avia_3_1\" class=\"text_input \" type=\"text\" id=\"avia_3_1\" value=\"\" \/><\/p><p class='  first_form  form_element form_fullwidth' id='element_avia_4_1'><label for=\"avia_4_1\">Endere\u00e7o Completo<\/label> <input name=\"avia_4_1\" class=\"text_input \" type=\"text\" id=\"avia_4_1\" value=\"\" \/><\/p><p class='  first_form  form_element form_fullwidth' id='element_avia_5_1'><label for=\"avia_5_1\">Cidade <\/label> <input name=\"avia_5_1\" class=\"text_input \" type=\"text\" id=\"avia_5_1\" value=\"\" \/><\/p><p class=' first_form  form_element form_fullwidth' id='element_avia_6_1'><label for=\"avia_6_1\">Estado<\/label> <select  name=\"avia_6_1\" class=\"select \" id=\"avia_6_1\"><option  value ='Acre'>Acre<\/option><option  value ='Alagoas'>Alagoas<\/option><option  value ='Amazonas'>Amazonas<\/option><option  value ='Amap\u00e1'>Amap\u00e1<\/option><option  value ='Bahia'>Bahia<\/option><option  value ='Cear\u00e1'>Cear\u00e1<\/option><option  value ='Distrito Federal'>Distrito Federal<\/option><option  value ='Esp\u00edrito Santo'>Esp\u00edrito Santo<\/option><option  value ='Goi\u00e1s'>Goi\u00e1s<\/option><option  value ='Maranh\u00e3o'>Maranh\u00e3o<\/option><option  value ='Mato Grosso'>Mato Grosso<\/option><option  value ='Mato Grosso do Sul'>Mato Grosso do Sul<\/option><option  value ='Minas Gerais'>Minas Gerais<\/option><option  value ='Par\u00e1'>Par\u00e1<\/option><option  value ='Para\u00edba'>Para\u00edba<\/option><option  value ='Paran\u00e1'>Paran\u00e1<\/option><option  value ='Pernambuco'>Pernambuco<\/option><option  value ='Piau\u00ed'>Piau\u00ed<\/option><option  value ='Rio de Janeiro'>Rio de Janeiro<\/option><option  value ='Rio Grande do Norte'>Rio Grande do Norte<\/option><option  value ='Rio Grande do Sul'>Rio Grande do Sul<\/option><option  value ='Rond\u00f4nia'>Rond\u00f4nia<\/option><option  value ='Roraima'>Roraima<\/option><option  value ='Santa Catarina'>Santa Catarina<\/option><option  value ='S\u00e3o Paulo'>S\u00e3o Paulo<\/option><option  value ='Sergipe'>Sergipe<\/option><option  value ='Tocantins'>Tocantins<\/option><\/select><\/p><p class='  first_form  form_element form_fullwidth' id='element_avia_7_1'><label for=\"avia_7_1\">E-Mail <abbr class=\"required\" title=\"required\">*<\/abbr><\/label> <input name=\"avia_7_1\" class=\"text_input is_email\" type=\"text\" id=\"avia_7_1\" value=\"\" \/><\/p><p class='  first_form  form_element form_fullwidth' id='element_avia_8_1'><label for=\"avia_8_1\">Telefone <abbr class=\"required\" title=\"required\">*<\/abbr><\/label> <input name=\"avia_8_1\" class=\"text_input is_empty\" type=\"text\" id=\"avia_8_1\" value=\"\" \/><\/p><p class=' first_form  form_element form_fullwidth' id='element_avia_9_1'><label for=\"avia_9_1\">Temperatura de uso <\/label> <select  name=\"avia_9_1\" class=\"select \" id=\"avia_9_1\"><option  value ='\u2264 1320\u00b0C'>\u2264 1320\u00b0C<\/option><option  value ='\u2265 1320\u00b0C'>\u2265 1320\u00b0C<\/option><\/select><\/p><p class=' first_form  form_element form_fullwidth' id='element_avia_10_1'><label for=\"avia_10_1\">Tipo do Forno <\/label> <select  name=\"avia_10_1\" class=\"select \" id=\"avia_10_1\"><option  value ='Dental'>Dental<\/option><option  value ='Estufa'>Estufa<\/option><option  value ='Forno Especial para Cer\u00e2mica'>Forno Especial para Cer\u00e2mica<\/option><option  value ='Forno Grafite'>Forno Grafite<\/option><option  value ='Forno Mufla para Laborat\u00f3rio'>Forno Mufla para Laborat\u00f3rio<\/option><option  value ='Forno para Teste'>Forno para Teste<\/option><option  value ='Forno Tubular'>Forno Tubular<\/option><option  value ='Forno Tubular Reator'>Forno Tubular Reator<\/option><option  value ='Forno par Tratamento T\u00e9rmico'>Forno par Tratamento T\u00e9rmico<\/option><option  value ='Forno Rotativo'>Forno Rotativo<\/option><option  value ='Forno para Fundi\u00e7\u00e3o de Vidro'>Forno para Fundi\u00e7\u00e3o de Vidro<\/option><option  value ='Forno Especial'>Forno Especial<\/option><option  value ='Forno Mufla Industrial'>Forno Mufla Industrial<\/option><\/select><\/p><p class='  first_form  form_element form_fullwidth' id='element_avia_11_1'><label for=\"avia_11_1\" class=\"textare_label hidden textare_label_avia_11_1\">Observa\u00e7\u00f5es  <abbr class=\"required\" title=\"required\">*<\/abbr><\/label><textarea  name=\"avia_11_1\" class=\"text_area is_empty\" cols=\"40\" rows=\"7\" id=\"avia_11_1\" ><\/textarea><\/p><p class=\"hidden\"><input type=\"text\" name=\"avia_12_1\" class=\"hidden \" id=\"avia_12_1\" value=\"\" \/><\/p><div id='avia_13_1' class='av-recaptcha-area  first_form  form_element form_fullwidth '  data-container_class=\"\" data-custom_class=\"\" data-context=\"av_contact_form\" data-token_input=\"av_recaptcha_token\" data-version=\"avia_recaptcha_v3\" data-theme=\"light\" data-size=\"normal\" data-score=\"0.5\" data-text_to_preview=\"\" data-value=\"\"><div class=\"av-google-badge-message hidden\">This site is protected by reCAPTCHA and the Google <a href=\"https:\/\/policies.google.com\/privacy\">Privacy Policy<\/a> and <a href=\"https:\/\/policies.google.com\/terms\">Terms of Service<\/a> apply.<\/div><\/div><p class=\"form_element \"><input type=\"hidden\" value=\"1\" name=\"avia_generated_form1\" \/><input type=\"submit\" value=\"Enviar\" class=\"button\"  data-sending-label=\"Sending\"\/><\/p><\/fieldset><div class=\"avia-disabled-form\">This contact form is deactivated because you refused to accept Google reCaptcha service which is necessary to validate any messages sent by the form.<\/div><\/form><div id=\"ajaxresponse_1\" class=\"ajaxresponse ajaxresponse_1 hidden\"><\/div><\/div><\/div><\/div><\/main><!-- close content main element --><\/div><\/div><div id='after_section_1'  class='main_color av_default_container_wrap container_wrap sidebar_right'  ><div class='container av-section-cont-open' ><div class='template-page content  av-content-small alpha units'><div class='post-entry post-entry-type-page post-entry-48'><div class='entry-content-wrapper clearfix'>\n","protected":false},"excerpt":{"rendered":"","protected":false},"author":1,"featured_media":0,"parent":0,"menu_order":0,"comment_status":"closed","ping_status":"closed","template":"","meta":{"footnotes":""},"class_list":["post-48","page","type-page","status-publish","hentry"],"_links":{"self":[{"href":"https:\/\/fornosinti.com.br\/inti\/wp-json\/wp\/v2\/pages\/48","targetHints":{"allow":["GET"]}}],"collection":[{"href":"https:\/\/fornosinti.com.br\/inti\/wp-json\/wp\/v2\/pages"}],"about":[{"href":"https:\/\/fornosinti.com.br\/inti\/wp-json\/wp\/v2\/types\/page"}],"author":[{"embeddable":true,"href":"https:\/\/fornosinti.com.br\/inti\/wp-json\/wp\/v2\/users\/1"}],"replies":[{"embeddable":true,"href":"https:\/\/fornosinti.com.br\/inti\/wp-json\/wp\/v2\/comments?post=48"}],"version-history":[{"count":3,"href":"https:\/\/fornosinti.com.br\/inti\/wp-json\/wp\/v2\/pages\/48\/revisions"}],"predecessor-version":[{"id":277,"href":"https:\/\/fornosinti.com.br\/inti\/wp-json\/wp\/v2\/pages\/48\/revisions\/277"}],"wp:attachment":[{"href":"https:\/\/fornosinti.com.br\/inti\/wp-json\/wp\/v2\/media?parent=48"}],"curies":[{"name":"wp","href":"https:\/\/api.w.org\/{rel}","templated":true}]}}